{"id":25,"date":"2016-03-21T09:38:23","date_gmt":"2016-03-21T08:38:23","guid":{"rendered":"https:\/\/sites.cnam.fr\/wong5\/?page_id=25"},"modified":"2016-04-21T13:17:15","modified_gmt":"2016-04-21T12:17:15","slug":"taches","status":"publish","type":"page","link":"https:\/\/www.wong5.fr\/?page_id=25","title":{"rendered":"T\u00e2ches"},"content":{"rendered":"<p align=\"justify\">Le projet est structur\u00e9 en 6 t\u00e2ches correspondant \u00e0 :<\/p>\n<table width=\"1017\">\n<tbody>\n<tr>\n<td width=\"1017\"><strong>&#8211; T\u00e2che 0, Management et diss\u00e9mination des r\u00e9sultats<\/strong><\/td>\n<\/tr>\n<tr>\n<td width=\"1017\">&#8211;\u00a0<strong>T\u00e2che 1, Sc\u00e9narios de C-MTC<\/strong><\/td>\n<\/tr>\n<tr>\n<td width=\"1017\">&#8211;\u00a0<strong>T\u00e2che 2, Analyse critique et comparative de formes d\u2019onde post OFDM<\/strong>.<br \/>\n<em><strong>\u00a0\u00a0\u00a0\u00a0\u00a0\u00a0 . Sous t\u00e2che 2.1\u00a0: Analyse critique et comparative des diff\u00e9rentes<\/strong><\/em><strong><em>\u00a0formes d\u2019onde<\/em><\/strong><br \/>\n<em><strong>\u00a0\u00a0\u00a0\u00a0\u00a0\u00a0 . Sous t\u00e2che 2.2\u00a0: Proposition de nouvelles FO pour le C-MTC\u00a0<\/strong><\/em><\/td>\n<\/tr>\n<tr>\n<td width=\"1017\">&#8211;\u00a0<strong>T\u00e2che 3, Efficacit\u00e9 \u00e9nerg\u00e9tique<\/strong><\/td>\n<\/tr>\n<tr>\n<td width=\"1017\">&#8211;\u00a0<strong>T\u00e2che 4, Apport des techniques MIMO pour diminuer la latence<\/strong><\/td>\n<\/tr>\n<tr>\n<td width=\"1017\">&#8211;<strong>T\u00e2che 5, Choix de la forme d\u2019onde et d\u00e9monstrateur<\/strong><br \/>\n<em><strong>\u00a0\u00a0\u00a0\u00a0 \u00a0\u00a0. Sous t\u00e2che 5.1, Choix de la FO<\/strong><\/em>\u00a0:<br \/>\n<em><strong>\u00a0\u00a0\u00a0\u00a0\u00a0 \u00a0. Sous t\u00e2che 5.2, D\u00e9monstrateur\u00a0<\/strong><\/em><\/td>\n<\/tr>\n<\/tbody>\n<\/table>\n","protected":false},"excerpt":{"rendered":"<p>Le projet est structur\u00e9 en 6 t\u00e2ches correspondant \u00e0 : &#8211; T\u00e2che 0, Management et diss\u00e9mination des r\u00e9sultats &#8211;\u00a0T\u00e2che 1, Sc\u00e9narios de C-MTC &#8211;\u00a0T\u00e2che 2, Analyse critique et comparative de formes d\u2019onde post OFDM. \u00a0\u00a0\u00a0\u00a0\u00a0\u00a0 . Sous t\u00e2che 2.1\u00a0: Analyse critique et comparative des diff\u00e9rentes\u00a0formes d\u2019onde \u00a0\u00a0\u00a0\u00a0\u00a0\u00a0 . Sous t\u00e2che 2.2\u00a0: Proposition de nouvelles FO [&hellip;]<\/p>\n","protected":false},"author":1,"featured_media":0,"parent":0,"menu_order":0,"comment_status":"closed","ping_status":"closed","template":"","meta":{"jetpack_post_was_ever_published":false,"footnotes":""},"jetpack_sharing_enabled":true,"jetpack_shortlink":"https:\/\/wp.me\/P7tH0B-p","_links":{"self":[{"href":"https:\/\/www.wong5.fr\/index.php?rest_route=\/wp\/v2\/pages\/25"}],"collection":[{"href":"https:\/\/www.wong5.fr\/index.php?rest_route=\/wp\/v2\/pages"}],"about":[{"href":"https:\/\/www.wong5.fr\/index.php?rest_route=\/wp\/v2\/types\/page"}],"author":[{"embeddable":true,"href":"https:\/\/www.wong5.fr\/index.php?rest_route=\/wp\/v2\/users\/1"}],"replies":[{"embeddable":true,"href":"https:\/\/www.wong5.fr\/index.php?rest_route=%2Fwp%2Fv2%2Fcomments&post=25"}],"version-history":[{"count":14,"href":"https:\/\/www.wong5.fr\/index.php?rest_route=\/wp\/v2\/pages\/25\/revisions"}],"predecessor-version":[{"id":174,"href":"https:\/\/www.wong5.fr\/index.php?rest_route=\/wp\/v2\/pages\/25\/revisions\/174"}],"wp:attachment":[{"href":"https:\/\/www.wong5.fr\/index.php?rest_route=%2Fwp%2Fv2%2Fmedia&parent=25"}],"curies":[{"name":"wp","href":"https:\/\/api.w.org\/{rel}","templated":true}]}}