{"id":27,"date":"2016-03-21T09:38:45","date_gmt":"2016-03-21T08:38:45","guid":{"rendered":"https:\/\/sites.cnam.fr\/wong5\/?page_id=27"},"modified":"2020-01-07T16:42:23","modified_gmt":"2020-01-07T15:42:23","slug":"delivrables","status":"publish","type":"page","link":"https:\/\/www.wong5.fr\/?page_id=27","title":{"rendered":"Livrables"},"content":{"rendered":"<p><a href=\"https:\/\/cnam-my.sharepoint.com\/:b:\/g\/personal\/hmaied_shaiek_lecnam_net\/EZ711s9q6WNEoWGCHAOemdoBQnomcPI7yk_8aXN8bovVcQ?e=kcejrO\">D1.1 : Description des scenarios Critical Machine Type Communications<\/a><\/p>\n<p><a href=\"https:\/\/cnam-my.sharepoint.com\/:b:\/g\/personal\/hmaied_shaiek_lecnam_net\/ERr8STZh7hxKoMk9Gy9hhLsBwsvr0ic7sdp1c8ZxxzuoEg?e=SMGgpB\">D1.2 : Sp\u00e9cification des contraintes des sc\u00e9narios envisag\u00e9s<\/a><\/p>\n<p><a href=\"https:\/\/cnam-my.sharepoint.com\/:b:\/g\/personal\/hmaied_shaiek_lecnam_net\/ES4Cn27YDJhHg4f1RehglCIBCPBUJJdqYDvtb_VXB6bYyA?e=k0nMzt\">D2.1\u00a0: Formes d\u2019ondes pour les C-MTC:<\/a><\/p>\n<p><a href=\"https:\/\/cnam-my.sharepoint.com\/:b:\/g\/personal\/hmaied_shaiek_lecnam_net\/EShuWplJ5ldIoX-zHjGsVlUBW8k_jagGu8LPCtGvHWP8Eg?e=etoXi3\">D3.1\u00a0: Performances des FOs retenues en pr\u00e9sence d\u2019amplificateur de puissance<\/a><\/p>\n<p><a href=\"https:\/\/cnam-my.sharepoint.com\/:b:\/g\/personal\/hmaied_shaiek_lecnam_net\/EQlHioVb0n5Nk-qrR2Pe2a8BCj7CyPLvr8DwlJ8Pmn4T_w?e=5tBaji\">D3.3 : Bilan \u00e9nerg\u00e9tique global<\/a><\/p>\n<p><a href=\"https:\/\/cnam-my.sharepoint.com\/:b:\/g\/personal\/hmaied_shaiek_lecnam_net\/EQlHioVb0n5Nk-qrR2Pe2a8BCj7CyPLvr8DwlJ8Pmn4T_w?e=fLELVv\">D4.1\u00a0: Nouveaux sch\u00e9mas MIMO et r\u00e9cepteurs<\/a><\/p>\n<p><a href=\"https:\/\/cnam-my.sharepoint.com\/:b:\/g\/personal\/hmaied_shaiek_lecnam_net\/EcNucHhYxCpBim3rwew5r4AB_b75iXj3zrF2XZJvRJ66JQ?e=p4OTIg\">D5.1\u00a0: Rapport de justification de choix de la (ou des) solution(s) de forme d\u2019onde retenues<\/a><\/p>\n<p><a href=\"https:\/\/cnam-my.sharepoint.com\/:b:\/g\/personal\/hmaied_shaiek_lecnam_net\/ER2VM6BSNrhDl2iEcT5hbAgBIhRNwgBjXCiI4UFavcV7Fg?e=Ep9eIG\">D5.3\u00a0: R\u00e9sultats des tests des FO s\u00e9lectionn\u00e9es sur plateforme de d\u00e9monstration<\/a><\/p>\n","protected":false},"excerpt":{"rendered":"<p>D1.1 : Description des scenarios Critical Machine Type Communications D1.2 : Sp\u00e9cification des contraintes des sc\u00e9narios envisag\u00e9s D2.1\u00a0: Formes d\u2019ondes pour les C-MTC: D3.1\u00a0: Performances des FOs retenues en pr\u00e9sence d\u2019amplificateur de puissance D3.3 : Bilan \u00e9nerg\u00e9tique global D4.1\u00a0: Nouveaux sch\u00e9mas MIMO et r\u00e9cepteurs D5.1\u00a0: Rapport de justification de choix de la (ou des) solution(s) [&hellip;]<\/p>\n","protected":false},"author":1,"featured_media":0,"parent":0,"menu_order":0,"comment_status":"closed","ping_status":"closed","template":"","meta":{"jetpack_post_was_ever_published":false,"footnotes":""},"jetpack_sharing_enabled":true,"jetpack_shortlink":"https:\/\/wp.me\/P7tH0B-r","_links":{"self":[{"href":"https:\/\/www.wong5.fr\/index.php?rest_route=\/wp\/v2\/pages\/27"}],"collection":[{"href":"https:\/\/www.wong5.fr\/index.php?rest_route=\/wp\/v2\/pages"}],"about":[{"href":"https:\/\/www.wong5.fr\/index.php?rest_route=\/wp\/v2\/types\/page"}],"author":[{"embeddable":true,"href":"https:\/\/www.wong5.fr\/index.php?rest_route=\/wp\/v2\/users\/1"}],"replies":[{"embeddable":true,"href":"https:\/\/www.wong5.fr\/index.php?rest_route=%2Fwp%2Fv2%2Fcomments&post=27"}],"version-history":[{"count":22,"href":"https:\/\/www.wong5.fr\/index.php?rest_route=\/wp\/v2\/pages\/27\/revisions"}],"predecessor-version":[{"id":325,"href":"https:\/\/www.wong5.fr\/index.php?rest_route=\/wp\/v2\/pages\/27\/revisions\/325"}],"wp:attachment":[{"href":"https:\/\/www.wong5.fr\/index.php?rest_route=%2Fwp%2Fv2%2Fmedia&parent=27"}],"curies":[{"name":"wp","href":"https:\/\/api.w.org\/{rel}","templated":true}]}}