{"id":29,"date":"2016-03-21T09:38:58","date_gmt":"2016-03-21T08:38:58","guid":{"rendered":"https:\/\/sites.cnam.fr\/wong5\/?page_id=29"},"modified":"2019-09-24T09:02:03","modified_gmt":"2019-09-24T08:02:03","slug":"dissemination","status":"publish","type":"page","link":"https:\/\/www.wong5.fr\/?page_id=29","title":{"rendered":"Dissemination"},"content":{"rendered":"<p><strong>Pr\u00e9sentations, workshops et sessions sp\u00e9ciales<\/strong><\/p>\n<p>[P1] R. Zayani \u201cPost OFDM Waveforms comparison for Critical Machine Type Communications\u201d, Conf\u00e9rencier invit\u00e9, IEEE ISWCS 2017, Bologne, Italie, Ao\u00fbt 2017.<\/p>\n<p><a href=\"http:\/\/iswcs2017.org\/special-sessions\/\">[P2] : Session sp\u00e9ciale organis\u00e9e \u00e0 ISWCS 2017 : \u00ab\u00a0<em>Post-OFDM waveforms for 5G radio access technology\u00a0\u00bb<\/em>, Bologne, Italie, 31 Ao\u00fbt 2017.<\/a><\/p>\n<p>[P3] D. Demmer, JB. Dor\u00e9, D. Le Ruyet, R. Gerzaguet, D. Kt\u00e9nas, S.Bicais, \u201cPr\u00e9sentation poster: \u00ab Block-Filtered OFDM, a promising candidate waveform for 5G and beyond\u201d, IEEE EuCNC, Tempere, Finland, Juin 2017.<\/p>\n<p><a href=\"https:\/\/cnam-my.sharepoint.com\/:b:\/g\/personal\/hmaied_shaiek_lecnam_net\/ETHrN2DXETpFouSib3ag3hQBEvib5bmo8lK06ij8NHBLXg?e=mh39IU\">[P4] : Pr\u00e9sentation du projet WONG5 \u00e0 la journ\u00e9e DGA-MI, Th\u00e9matique EORD-TEC \u00ab traitement de donn\u00e9es et communications de syst\u00e8mes drones \u00bb, Bruz, 12 Mai 2016.<\/a><\/p>\n<p><strong>Articles dans des revues internationales<\/strong><\/p>\n<p>[J1]\u00a0D. Demmer, R. Zakaria, R. Gerzaguet, J-B. Dor\u00e9, D. Le Ruyet, \u00ab\u00a0Study of OFDM Precoded Filter-Bank Waveforms,\u00a0\u00bb in IEEE Transactions on Wireless Communications, (doi: 10.1109\/TWC.2018.2886886), vol. 18, no. 6, pp. 2889-2902, June 2019.<\/p>\n<p>[J2]\u00a0S. Traverso and J. Bernier, \u00ab\u00a0Low Complexity Time Synchronization Based on Digital Predistortion Coefficients,\u00a0\u00bb in IEEE Microwave and Wireless Components Letters, vol. 29, no. 3, pp. 240-242, March 2019.<\/p>\n<p>[J3]\u00a0 H. Shaiek, R. Zayani, Y. Medjahdi, D. Roviras. \u00ab\u00a0Analytical analysis of SER for beyond 5G post-OFDM Waveforms in presence of High Power Ampli\ufb01ers\u00a0\u00bb, <em>IEEE Access<\/em>, (doi:10.1109\/ACCESS.2019.2900977),\u00a0pp. 1-13, March 2019.<\/p>\n<p>[J4] R. Zakaria, D. Silva and D. Le Ruyet, \u00ab\u00a0Lattice-Reduction-Aided Equalization for MIMO-FBMC Systems,\u00a0\u00bb in IEEE Wireless Communications Letters, doi: 10.1109\/LWC.2018.2859942, vol. 8, no. 1, pp. 101-104, Feb. 2019.<\/p>\n<p>[J5] R. Zayani, H. Shaiek, X. Cheng, X. Fu, C. Alexandre, D. Roviras. \u00ab\u00a0Experimental Testbed of post-OFDM Waveforms Toward Future Wireless Networks\u00a0\u00bb, IEEE Access, vol. 6(1), pp. 1-17, (doi:10.1109\/ACCESS.2018.2879375), Decembre 2018.<\/p>\n<p>[J6] R. Zayani, H. Shaiek, D. Roviras, \u201cPing-Pong Joint Optimization of PAPR Reduction and HPA Linearization in OFDM Systems\u201d, : IEEE Transactions on Broadcasting,\u00a0Volume PP, Issue 99,\u00a0Pages 1-8, DOI 10.1109\/TBC.2018.2855664, July 2018.<\/p>\n<p>[J7] Y. Medjahdi, S. Traverso, R. Gerzaguet, H. Shaiek, R. Zayani, D. Demmer, R. Zakaria, J-B. Dor\u00e9, M. Ben Mabrouk, D. Le Ruyet, Y. Lo\u00fcet, D. Roviras, \u201cOn the road to 5G: Comparative study of Physical layer in MTC context\u201d, IEEE Access,\u00a0Volume 5, Issue 1,\u00a0Pages 26556-26581, DOI 10.1109\/ACCESS.2017.2774002, November 2017.<\/p>\n<p>[J8] J-B Dor\u00e9, R. Gerzaguet, N. Cassiau, D. Ktenas, \u00ab Waveform contenders for 5G: Description, analysis and comparison \u00bb, Physical Communication, Volume 24, Pages 46-61, ISSN 1874-4907, ttps:\/\/doi.org\/10.1016\/j.phycom.2017.05.004, September 2017.<\/p>\n<p><strong>Brevets<\/strong><\/p>\n<p>[B1] R. Zayani, H. Shaiek, D. Roviras, S. Bulusu. \u00ab\u00a0Proc\u00e9d\u00e9 de mise en forme d&rsquo;un signal en vue de son amplification, proc\u00e9d\u00e9 d&rsquo;amplification, dispositif de mise en forme, et dispositif d&rsquo;amplification associ\u00e9s\u00a0\u00bb, Brevet <span id=\"publis.brevet.numbrevet\" class=\"j18nKey\">N\u00b0 1660518<\/span>, CNAM, 28\/10\/2016.<\/p>\n<p>[B2]\u00a0J.B Dor\u00e9.\u00a0 \u00ab\u00a0Emetteur OFDM \u00e0 filtrage par bloc et syst\u00e8me d\u2019\u00e9mission\/R\u00e9ception correspondant\u00a0\u00bb. Brevet N\u00b0 1658866, CEA, 21\/09\/2016.<\/p>\n<p><strong>Articles dans des conf\u00e9rences nationales et internationales<\/strong><\/p>\n<p>[C1] K. Bulusu , P. Maddila , Hmaied Shaiek and D. Roviras,\u201dHPA Linearization for FBMC-OQAM Signals with Fast Convergence-Digital Predistortion\u201d, In Proc IEEE ISWCS 2018, Oulu, Finland, August 2019.<\/p>\n<p>[C2] K. Tahkoubit , A. Ali-Pacha , H. Shaiek and D. Roviras,\u201dPAPR reduction of BF-OFDM waveform using DFT-Spread technique\u201d, In Proc IEEE ISWCS 2018, Oulu, Finland, August 2019.<\/p>\n<p>[C3] H. Fhima, H. Shaiek, R. Zayani, D. Roviras, B. S. Chang and Ridha Bouallegue,\u201d Analysis of Widely Linear Equalization over Frequency Selective Channels with Multiple Interferences\u201d, 2018 Eleventh International Workshop on Selected Topics in Mobile and Wireless Computing, Limassol, Cyprus, October 2018.<\/p>\n<p>[C4] R. Zayani, H. Sha\u0131ek, C. Alexandre, A. Kielys, X. Cheng, X. Fu and D. Roviras,\u201dA Testbed for experimental performance evaluation of Multicarrier Waveforms in presence of RF PA\u201d, In Proc IEEE ISWCS 2018, Lisbon, Portugal, August 2018.<\/p>\n<p>[C5] Y. Medjahdi, Y. Louet, D. Roviras, S. Traverso, R. Gerzaguet, H. Shaiek, R. Zayani, D. Demmer, R. Zakaria, J-B. Dor\u00e9, \u00a0M. Ben Mabrouk and Didier Le Ruyet, \u201cImpact of selective channels on post-OFDM waveforms for 5G Machine Type Communications\u201d, In Proc IEEE ISWCS 2018, Lisbon, Portugal, August 2018.<\/p>\n<p>[C6] Y. Louet, D. Roviras, A. Nafkha, H. Shaiek and R. Zayani, \u201cGlobal power amplifier efficiency evaluation with PAPR reduction method for post-OFDM waveforms\u201d, In Proc IEEE ISWCS 2018, Lisbon, Portugal, August 2018.<\/p>\n<p>[C7] K. Tani, Y. Medjahdi, H. Shaiek, R. Zayani and D. Roviras, \u201cPAPR reduction of post-OFDM waveforms contenders for 5G &amp; Beyond using SLM and TR algorithms\u201d, In Proc IEEE ICT 2018, Saint Malo, France, June 2018.<\/p>\n<p>[C8] H. Fhima, B. S. Chang, R. Zayani, H. Shaiek, D. Roviras and Ridha Bouallegue, \u201cPerformance of Linear and Widely Linear Equalizers for FBMC\/OQAM modulation\u201d, In Proc IEEE ICT 2018, Saint Malo, France, June 2018.<\/p>\n<p>[C9] Y. Medjahdi, H. Shaiek, D. Roviras, Y. Louet, M. B. Mabrouk, \u00a0\u201cNon linear power amplifier effects on post-OFDM waveforms\u201d, In Proc URSI AT-RASC 2018, Gran Canaria, Spain, May 2018.<\/p>\n<p>[C10] R Gerzaguet, Y. Medjahdi, D. Demmer, R. Zayani, J-B. Dor\u00e9, H. Shaiek and D. Roviras, \u201cComparison of Promising Candidate Waveforms for 5G: WOLA-OFDM Versus BF-OFDM\u201d, In Proc IEEE ISWCS 2017, Bologna, Italy, August 2017.<\/p>\n<p>[C11] D. Demmer, JB. Dor\u00e9, D. Le Ruyet, R. Gerzaguet, D. Kt\u00e9nas, \u201cFilter Design for 5G BF-OFDM Waveform\u201d, In Proc IEEE EuCNC, Tempere, Finland, June 2017.<\/p>\n<p><a href=\"https:\/\/www.wong5.fr\/wp-content\/uploads\/2017\/04\/bf-ofdm-principle.pdf\">[C12]<\/a> D. Demmer, JB. Dor\u00e9, D. Le Ruyet, R. Gerzaguet, D. Kt\u00e9nas, \u201dBlock-Filtered OFDM: a novel waveform for future wireless technologies\u201d, In Proc IEEE ICC, Paris, France, May 2017.<\/p>\n<p>[C13] D. Demmer, JB. Dor\u00e9, D. Le Ruyet, R. Gerzaguet \u201cPerformane of Soft-Decision Linear Receivers for Spatial-Multiplexing FBMC\/OQAM\u201d, In Proc IEEE ISWCS, Poznan, Poland, September 2017.<\/p>\n<p>[C14] M. Ben Mabrouk, M. Chafii, Y. Lou\u00ebt, F. Bader, \u00ab\u00a0Low-PAPR condition for 5G-candidate waveforms,\u00a0\u00bb accepted in IEEE International Conference Union ofRadio Science General Assembly &amp; Scientific Symposium (URSI GASS), Montreal, 2017.<\/p>\n<p>[C15] M. Ben Mabrouk, M. Chafii, Y. Lou\u00ebt, F. Bader, \u00ab\u00a0A Precoding-based PAPR Reduction Technique for UF-OFDM and Filtered-OFDM Modulations in 5G Systems,\u00a0\u00bb In Proc European Wireless, Dresden, 2017.<\/p>\n<p>[C16] Y. Medjahdi, R. Zayani, H. Shaiek, D. Roviras. \u00ab WOLA processing: a useful tool for windowed waveforms in 5G with relaxed synchronicity \u00bb, ICC2017, International Workshop on the Main Trends in 5G Networks (MT5Gnet), Paris, France, May 2017.<\/p>\n<p>[C17] R. Zakaria, D. Le Ruyet, A.o Carlos da Rocha, B. F. Uch\u00f4a-Filho \u00ab A Complex Orthogonal WCP Circular Filtered Multi-Carrier (COW-CFMC) scheme\u201d, ICC2017, Wireless Communications Symposium, Paris, France, May 2017.<\/p>\n<p>[C18] Yves Lou\u00ebt, \u00ab\u00a0PAPR overview of Post-OFDM waveforms and startegies to meet both spectrum and power efficiencies for 5G transmitters\u00a0\u00bb Workshop Techniques for High Efficiency Linear Power Amplification of 5G signals\u00a0\u00bb, Radio Wireless Week, Phoenix, USA, January 2017.<\/p>\n<p>[C19] R. Zayani, Y. Medjahdi, H. Shaiek, D. Roviras. \u00ab WOLA-OFDM: a potential candidate for asynchronous 5G \u00bb, GLOBECOM 2016, Washigton, USA, December 2016.<\/p>\n<p>&nbsp;<\/p>\n","protected":false},"excerpt":{"rendered":"<p>Pr\u00e9sentations, workshops et sessions sp\u00e9ciales [P1] R. Zayani \u201cPost OFDM Waveforms comparison for Critical Machine Type Communications\u201d, Conf\u00e9rencier invit\u00e9, IEEE ISWCS 2017, Bologne, Italie, Ao\u00fbt 2017. [P2] : Session sp\u00e9ciale organis\u00e9e \u00e0 ISWCS 2017 : \u00ab\u00a0Post-OFDM waveforms for 5G radio access technology\u00a0\u00bb, Bologne, Italie, 31 Ao\u00fbt 2017. [P3] D. Demmer, JB. Dor\u00e9, D. Le Ruyet, [&hellip;]<\/p>\n","protected":false},"author":1,"featured_media":0,"parent":0,"menu_order":0,"comment_status":"closed","ping_status":"closed","template":"","meta":{"jetpack_post_was_ever_published":false,"footnotes":""},"jetpack_sharing_enabled":true,"jetpack_shortlink":"https:\/\/wp.me\/P7tH0B-t","_links":{"self":[{"href":"https:\/\/www.wong5.fr\/index.php?rest_route=\/wp\/v2\/pages\/29"}],"collection":[{"href":"https:\/\/www.wong5.fr\/index.php?rest_route=\/wp\/v2\/pages"}],"about":[{"href":"https:\/\/www.wong5.fr\/index.php?rest_route=\/wp\/v2\/types\/page"}],"author":[{"embeddable":true,"href":"https:\/\/www.wong5.fr\/index.php?rest_route=\/wp\/v2\/users\/1"}],"replies":[{"embeddable":true,"href":"https:\/\/www.wong5.fr\/index.php?rest_route=%2Fwp%2Fv2%2Fcomments&post=29"}],"version-history":[{"count":41,"href":"https:\/\/www.wong5.fr\/index.php?rest_route=\/wp\/v2\/pages\/29\/revisions"}],"predecessor-version":[{"id":323,"href":"https:\/\/www.wong5.fr\/index.php?rest_route=\/wp\/v2\/pages\/29\/revisions\/323"}],"wp:attachment":[{"href":"https:\/\/www.wong5.fr\/index.php?rest_route=%2Fwp%2Fv2%2Fmedia&parent=29"}],"curies":[{"name":"wp","href":"https:\/\/api.w.org\/{rel}","templated":true}]}}