{"id":31,"date":"2016-03-21T09:39:10","date_gmt":"2016-03-21T08:39:10","guid":{"rendered":"https:\/\/sites.cnam.fr\/wong5\/?page_id=31"},"modified":"2017-03-13T12:52:21","modified_gmt":"2017-03-13T11:52:21","slug":"contact","status":"publish","type":"page","link":"https:\/\/www.wong5.fr\/?page_id=31","title":{"rendered":"Contact"},"content":{"rendered":"<p><strong>Daniel Roviras<\/strong><\/p>\n<p><span class=\"im\">Professeur<br \/>\nConservatoire National des Arts et M\u00e9tiers<br \/>\n<\/span>Ecole SITI, D\u00e9partement EASY<br \/>\n292 rue Saint-Martin, 75141 Paris C\u00e9dex 03, France<\/p>\n<p>Mail : <a href=\"mailto:daniel.roviras.cnam.fr\">daniel.roviras<img decoding=\"async\" src=\"https:\/\/cedric.cnam.fr\/themes\/default\/img\/tools\/arobas.png\" alt=\"\" \/>cnam.fr<\/a><br \/>\nTel : 33 (0)140272567<br \/>\nFax : 33 (0)140272779<br \/>\n<a href=\"http:\/\/easytp.cnam.fr\/roviras\/roviras_recherche\/roviras_recherche_francais.html\">http:\/\/easytp.cnam.fr\/roviras\/roviras_recherche\/roviras_recherche_francais.html<\/a><\/p>\n<p>&nbsp;<\/p>\n<p><strong>Hmaied SHAIEK<\/strong><\/p>\n<p>Ma\u00eetre de conf\u00e9rences<span class=\"im\"><br \/>\nConservatoire National des Arts et M\u00e9tiers<br \/>\n<\/span>Ecole SITI, D\u00e9partement EASY, case 2D2P10<br \/>\n292 rue Saint-Martin, 75141 Paris C\u00e9dex 03, France<\/p>\n<p>Tel\u00a0 : <a href=\"tel:%28%2B33%29%2001%2040%2027%2024%2099\" target=\"_blank\">(+33) 01 40 27 24 99<\/a><br \/>\nMail : <a href=\"mailto:hmaied.shaiek@cnam.fr\" target=\"_blank\">hmaied.shaiek@cnam.fr<\/a><\/p>\n<p><a href=\"http:\/\/cedric.cnam.fr\/index.php\/labo\/membre\/shaiekh\">http:\/\/cedric.cnam.fr\/index.php\/labo\/membre\/shaiekh<\/a><\/p>\n<p>&nbsp;<\/p>\n<p>&nbsp;<\/p>\n","protected":false},"excerpt":{"rendered":"<p>Daniel Roviras Professeur Conservatoire National des Arts et M\u00e9tiers Ecole SITI, D\u00e9partement EASY 292 rue Saint-Martin, 75141 Paris C\u00e9dex 03, France Mail : daniel.rovirascnam.fr Tel : 33 (0)140272567 Fax : 33 (0)140272779 http:\/\/easytp.cnam.fr\/roviras\/roviras_recherche\/roviras_recherche_francais.html &nbsp; Hmaied SHAIEK Ma\u00eetre de conf\u00e9rences Conservatoire National des Arts et M\u00e9tiers Ecole SITI, D\u00e9partement EASY, case 2D2P10 292 rue Saint-Martin, 75141 [&hellip;]<\/p>\n","protected":false},"author":1,"featured_media":0,"parent":0,"menu_order":0,"comment_status":"closed","ping_status":"closed","template":"","meta":{"jetpack_post_was_ever_published":false,"footnotes":""},"jetpack_sharing_enabled":true,"jetpack_shortlink":"https:\/\/wp.me\/P7tH0B-v","_links":{"self":[{"href":"https:\/\/www.wong5.fr\/index.php?rest_route=\/wp\/v2\/pages\/31"}],"collection":[{"href":"https:\/\/www.wong5.fr\/index.php?rest_route=\/wp\/v2\/pages"}],"about":[{"href":"https:\/\/www.wong5.fr\/index.php?rest_route=\/wp\/v2\/types\/page"}],"author":[{"embeddable":true,"href":"https:\/\/www.wong5.fr\/index.php?rest_route=\/wp\/v2\/users\/1"}],"replies":[{"embeddable":true,"href":"https:\/\/www.wong5.fr\/index.php?rest_route=%2Fwp%2Fv2%2Fcomments&post=31"}],"version-history":[{"count":5,"href":"https:\/\/www.wong5.fr\/index.php?rest_route=\/wp\/v2\/pages\/31\/revisions"}],"predecessor-version":[{"id":278,"href":"https:\/\/www.wong5.fr\/index.php?rest_route=\/wp\/v2\/pages\/31\/revisions\/278"}],"wp:attachment":[{"href":"https:\/\/www.wong5.fr\/index.php?rest_route=%2Fwp%2Fv2%2Fmedia&parent=31"}],"curies":[{"name":"wp","href":"https:\/\/api.w.org\/{rel}","templated":true}]}}